{"id":8170,"date":"2023-10-26T12:18:47","date_gmt":"2023-10-26T09:18:47","guid":{"rendered":"https:\/\/studios.aalto.fi\/?page_id=8170"},"modified":"2025-05-15T15:26:00","modified_gmt":"2025-05-15T12:26:00","slug":"portal-virtual-dance-piece","status":"publish","type":"page","link":"https:\/\/studios.aalto.fi\/fi\/old-pages\/portal-virtual-dance-piece\/","title":{"rendered":"Portal \u2013 virtual dance piece"},"content":{"rendered":"\n<p><\/p>\n\n\n\n<p>Portal \u2013 virtual dance piece | published 27.10.2023 at 18:00 | available for viewing | duration 8:29 minutes<\/p>\n\n\n\n<p>Portal is a pathbreaking performance that captures the dancers\u2019 movements and animates them in virtual surroundings. This is co-production by the Finnish National Opera and Ballet (FNOB) and Aalto Studios, funded partly by Sitra Lab.<\/p>\n\n\n\n<p><\/p>\n\n\n\n<div style=\"padding:56.25% 0 0 0;position:relative;\"><iframe data-cookiedomain=\"studios_aalto_fi-ThirdPartyContentConsent\" data-videodeferred=\"true\" src=\"https:\/\/studios.aalto.fi\/wp-content\/plugins\/aalto-studios-blocker\/\/html\/block-notice.php\" data-src=\"https:\/\/player.vimeo.com\/video\/895893888?h=0135672229&amp;badge=0&amp;autopause=0&amp;player_id=0&amp;app_id=58479\" frameborder=\"0\" allow=\"autoplay; fullscreen; picture-in-picture\" style=\"position:absolute;top:0;left:0;width:100%;height:100%;\" title=\"Portal\"><\/iframe><\/div><script data-cookiedomain=\"studios_aalto_fi-ThirdPartyContentConsent\" data-videodeferred=\"true\" src=\"https:\/\/studios.aalto.fi\/wp-content\/plugins\/aalto-studios-blocker\/\/html\/block-notice.php\" data-src=\"https:\/\/player.vimeo.com\/api\/player.js\"><\/script>\n\n\n\n<p>VISUALS AND MUSIC <br>Kalle Rasinkangas<br><br>DANCE AND CHOREOGRAPHY<br>Anna Sariola, Emrecan Tan\u0131\u015f<br><br>TEAM <br>Finnish National Opera and Ballet: Hannu J\u00e4rvensivu, Kalle Rasinkangas, Riku Zukale<br>Aalto Studios: Rolando Camilo, Jari Manninen, Antti Ruotoistenm\u00e4ki, Mikko Sams, Roc\u00edo Sosa Fern\u00e1ndez<\/p>\n","protected":false},"excerpt":{"rendered":"<p>Portal \u2013 virtual dance piece | published 27.10.2023 at 18:00 | available for viewing | duration 8:29 minutes Portal is a pathbreaking performance that captures the dancers\u2019 movements and animates them in virtual surroundings. This is co-production by the Finnish National Opera and Ballet (FNOB) and Aalto Studios, funded partly by Sitra Lab. VISUALS AND [&hellip;]<\/p>\n","protected":false},"author":23,"featured_media":8174,"parent":2840,"menu_order":0,"comment_status":"closed","ping_status":"closed","template":"","meta":{"_acf_changed":false,"footnotes":""},"tags":[],"facilitycategories":[],"productcategories":[],"class_list":["post-8170","page","type-page","status-publish","has-post-thumbnail","hentry"],"acf":[],"mb":[],"mfb_rest_fields":["title"],"_links":{"self":[{"href":"https:\/\/studios.aalto.fi\/fi\/wp-json\/wp\/v2\/pages\/8170","targetHints":{"allow":["GET"]}}],"collection":[{"href":"https:\/\/studios.aalto.fi\/fi\/wp-json\/wp\/v2\/pages"}],"about":[{"href":"https:\/\/studios.aalto.fi\/fi\/wp-json\/wp\/v2\/types\/page"}],"author":[{"embeddable":true,"href":"https:\/\/studios.aalto.fi\/fi\/wp-json\/wp\/v2\/users\/23"}],"replies":[{"embeddable":true,"href":"https:\/\/studios.aalto.fi\/fi\/wp-json\/wp\/v2\/comments?post=8170"}],"version-history":[{"count":3,"href":"https:\/\/studios.aalto.fi\/fi\/wp-json\/wp\/v2\/pages\/8170\/revisions"}],"predecessor-version":[{"id":16043,"href":"https:\/\/studios.aalto.fi\/fi\/wp-json\/wp\/v2\/pages\/8170\/revisions\/16043"}],"up":[{"embeddable":true,"href":"https:\/\/studios.aalto.fi\/fi\/wp-json\/wp\/v2\/pages\/2840"}],"wp:featuredmedia":[{"embeddable":true,"href":"https:\/\/studios.aalto.fi\/fi\/wp-json\/wp\/v2\/media\/8174"}],"wp:attachment":[{"href":"https:\/\/studios.aalto.fi\/fi\/wp-json\/wp\/v2\/media?parent=8170"}],"wp:term":[{"taxonomy":"post_tag","embeddable":true,"href":"https:\/\/studios.aalto.fi\/fi\/wp-json\/wp\/v2\/tags?post=8170"},{"taxonomy":"facilitycategories","embeddable":true,"href":"https:\/\/studios.aalto.fi\/fi\/wp-json\/wp\/v2\/facilitycategories?post=8170"},{"taxonomy":"productcategories","embeddable":true,"href":"https:\/\/studios.aalto.fi\/fi\/wp-json\/wp\/v2\/productcategories?post=8170"}],"curies":[{"name":"wp","href":"https:\/\/api.w.org\/{rel}","templated":true}]}}