{"id":27,"date":"2021-05-25T12:28:49","date_gmt":"2021-05-25T10:28:49","guid":{"rendered":"https:\/\/studios.aalto.fi\/photorobot\/?page_id=27"},"modified":"2022-05-30T11:02:01","modified_gmt":"2022-05-30T09:02:01","slug":"ceramics-archive","status":"publish","type":"page","link":"https:\/\/studios.aalto.fi\/photorobot\/ceramics-archive\/","title":{"rendered":"Archives"},"content":{"rendered":"<div class=\"alignwide-wrap\" data-block=\"columns\">\n<div class=\"wp-block-columns alignwide is-layout-flex wp-container-core-columns-is-layout-9d6595d7 wp-block-columns-is-layout-flex\">\n<div class=\"wp-block-column is-layout-flow wp-block-column-is-layout-flow\" style=\"flex-basis:38.2%\">\n<h2 class=\"wp-block-heading\"><\/h2>\n<\/div>\n\n\n\n<div class=\"wp-block-column is-layout-flow wp-block-column-is-layout-flow\" style=\"flex-basis:61.8%\">\n<p>Learn more about Aalto Archives via the official web page.<\/p>\n\n\n\n<div class=\"wp-block-buttons is-style-large is-layout-flex wp-block-buttons-is-layout-flex\">\n<div class=\"wp-block-button\"><a class=\"wp-block-button__link\" href=\"https:\/\/www.aalto.fi\/en\/archives\">aalto archives on aalto.fi<\/a><\/div>\n<\/div>\n\n\n\n<div class=\"wp-block-buttons is-style-large is-layout-flex wp-block-buttons-is-layout-flex\">\n<div class=\"wp-block-button\"><a class=\"wp-block-button__link has-background\" href=\"https:\/\/www.facebook.com\/aaltouniversityarchives\" style=\"background-color:#00b2ff\">facebook page<\/a><\/div>\n<\/div>\n<\/div>\n<\/div>\n<\/div>\n\n<div class=\"alignwide-wrap\" data-block=\"separator\">\n<hr class=\"wp-block-separator has-css-opacity alignwide is-style-wide\"\/>\n<\/div>\n\n<div class=\"alignwide-wrap\" data-block=\"columns\">\n<div class=\"wp-block-columns alignwide is-layout-flex wp-container-core-columns-is-layout-9d6595d7 wp-block-columns-is-layout-flex\">\n<div class=\"wp-block-column is-layout-flow wp-block-column-is-layout-flow\" style=\"flex-basis:38.2%\">\n<h2 class=\"wp-block-heading\">Aalto Archives 3D models on Sketchfab<\/h2>\n<\/div>\n\n\n\n<div class=\"wp-block-column is-layout-flow wp-block-column-is-layout-flow\" style=\"flex-basis:61.8%\">\n<p>The ceramics collection is being digitized into 360 degree spins and 3D models through a process called photogrammetry. The assets are hosted on Sketchfab.com where models can be examined on a screen or even with VR headsets. The hosting is sponsored by their cultural heritage program which supports the preservation and sharing of cultural and historical artefacts.<\/p>\n\n\n\n<div class=\"wp-block-buttons is-style-large is-layout-flex wp-block-buttons-is-layout-flex\">\n<div class=\"wp-block-button\"><a class=\"wp-block-button__link\" href=\"\" target=\"_blank\" rel=\"noreferrer noopener\">aalto archives ceramics on sketchfab<\/a><\/div>\n<\/div>\n\n\n\n<p><\/p>\n<\/div>\n<\/div>\n<\/div>\n\n<div class=\"alignwide-wrap\" data-block=\"separator\">\n<hr class=\"wp-block-separator has-css-opacity alignwide\"\/>\n<\/div>\n\n<div class=\"alignwide-wrap\" data-block=\"columns\">\n<div class=\"wp-block-columns alignwide is-layout-flex wp-container-core-columns-is-layout-9d6595d7 wp-block-columns-is-layout-flex\">\n<div class=\"wp-block-column is-layout-flow wp-block-column-is-layout-flow\" style=\"flex-basis:38.2%\">\n<h2 class=\"wp-block-heading\">Ceramics collection Aalto Archive on finna.fi<\/h2>\n\n\n\n<p class=\"is-style-default\">Date range: 1963 &#8211; <br>Extent: ~3500 objects<br>Content: ceramic and glass objects<br>Permissions: Non-commercial use in learning and research permissible, other uses of student works subject to permission.<br><\/p>\n<\/div>\n\n\n\n<div class=\"wp-block-column is-layout-flow wp-block-column-is-layout-flow\" style=\"flex-basis:61.8%\">\n<p class=\"is-style-default\">The collection has been used as a pedagogical archive documenting the development of teaching in the field of ceramics and glass and includes insigts into teaching materials, techniques and firing temperatures, glazing experiments and decoration methods. Approx. 5% of the objects have been prepared by students of of glass design.<\/p>\n\n\n\n<div class=\"wp-block-buttons is-style-large is-layout-flex wp-block-buttons-is-layout-flex\">\n<div class=\"wp-block-button has-custom-width wp-block-button__width-75\"><a class=\"wp-block-button__link has-background\" href=\"https:\/\/aaltoarkisto.finna.fi\/Search\/Results?sort=main_date_str+asc&amp;dfApplied=1&amp;lookfor=%22Keramiikka-+ja+lasitaiteen+oppilasty%C3%B6kokoelma%2C+Taideteollinen+korkeakoulu%22&amp;type=AllFields&amp;filter%5B%5D=online_boolean:1\" style=\"background-color:#ffcc2c\" target=\"_blank\" rel=\"https:\/\/aaltoarkisto.finna.fi\/Search\/Results?sort=main_date_str+asc&amp;dfApplied=1&amp;lookfor=%22Keramiikka-+ja+lasitaiteen+oppilasty%C3%B6kokoelma%2C+Taideteollinen+korkeakoulu%22&amp;type=AllFields&amp;filter%5B%5D=online_boolean:1 noopener\">ceramics archive on finna<\/a><\/div>\n<\/div>\n\n\n\n<div class=\"wp-block-buttons is-layout-flex wp-block-buttons-is-layout-flex\">\n<div class=\"wp-block-button has-custom-width wp-block-button__width-75\"><a class=\"wp-block-button__link has-text-color has-background\" href=\"https:\/\/aaltoarkisto.finna.fi\/\" style=\"background-color:#12110b;color:#f2cc46\" target=\"_blank\" rel=\"noreferrer noopener\">AAlto Archive on Finna.fi<\/a><\/div>\n<\/div>\n\n\n\n<figure class=\"wp-block-embed is-type-rich is-provider-sketchfab wp-block-embed-sketchfab\"><div class=\"wp-block-embed__wrapper\">\n<div class=\"sketchfab-embed-wrapper\">    <iframe loading=\"lazy\" title=\"1996_5 Colorful Unicorn\" id=\"\" class=\"\" width=\"1400\" height=\"787\" src=\"https:\/\/sketchfab.com\/models\/8533a85df290472999be9aa40b199046\/embed?utm_campaign=blocked_scripts_error&amp;utm_source=website\" frameborder=\"0\" allow=\"autoplay; fullscreen; xr-spatial-tracking\" allowfullscreen=\"\" mozallowfullscreen=\"true\" webkitallowfullscreen=\"true\" xr-spatial-tracking=\"true\" execution-while-out-of-viewport=\"true\" execution-while-not-rendered=\"true\" web-share=\"true\"><\/iframe><\/div>\n<\/div><\/figure>\n\n\n\n<p><\/p>\n<\/div>\n<\/div>\n<\/div>\n\n<div class=\"alignwide-wrap\" data-block=\"separator\">\n<hr class=\"wp-block-separator has-css-opacity alignwide\"\/>\n<\/div>\n\n<div class=\"alignwide-wrap\" data-block=\"columns\">\n<div class=\"wp-block-columns alignwide is-layout-flex wp-container-core-columns-is-layout-9d6595d7 wp-block-columns-is-layout-flex\">\n<div class=\"wp-block-column is-layout-flow wp-block-column-is-layout-flow\" style=\"flex-basis:38.2%\">\n<h2 class=\"wp-block-heading\">Aalto Stories &#8211; <\/h2>\n<\/div>\n\n\n\n<div class=\"wp-block-column is-layout-flow wp-block-column-is-layout-flow\" style=\"flex-basis:61.8%\">\n<p>Celebrating the 150th anniversary of higher education in industrial arts. Photo and video essay<\/p>\n\n\n\n<div class=\"wp-block-buttons is-style-large is-layout-flex wp-block-buttons-is-layout-flex\">\n<div class=\"wp-block-button\"><a class=\"wp-block-button__link\" href=\"https:\/\/aaltouniversity.shorthandstories.com\/builders-of-the-future\/\">Builders of the Future<\/a><\/div>\n<\/div>\n<\/div>\n<\/div>\n<\/div>\n\n<div class=\"alignwide-wrap\" data-block=\"separator\">\n<hr class=\"wp-block-separator has-css-opacity alignwide\"\/>\n<\/div>\n\n<div class=\"alignwide-wrap\" data-block=\"columns\">\n<div class=\"wp-block-columns alignwide is-layout-flex wp-container-core-columns-is-layout-9d6595d7 wp-block-columns-is-layout-flex\">\n<div class=\"wp-block-column is-layout-flow wp-block-column-is-layout-flow\" style=\"flex-basis:38.2%\">\n<h2 class=\"wp-block-heading\"><a href=\"https:\/\/raami.aalto.fi\/kuvatietokanta\/displayCollection.html?uri=http:\/\/www.taik.com\/kuvatietokanta\/archiveCollection&amp;mainRoleUser=ROLE_USER&amp;mainRoleGuest=ROLE_GUEST&amp;mainRoleArchive=ROLE_ARCHIVE&amp;currentUser=anonymous&amp;mainRolePublisher=ROLE_PUBLISHER&amp;mainRolePublic=ROLE_PUBLIC&amp;uriPrefix=http%3A%2F%2Fwww.taik.com%2Fkuvatietokanta%2F&amp;mainRoleAdmin=ROLE_ADMIN&amp;serverRoot=https%3A%2F%2Fraami.aalto.fi%2Fkuvatietokanta%2F\">Aalto University picture database<\/a><\/h2>\n\n\n\n<p class=\"is-style-default has-palette-1-color has-text-color\">*** You may need to be in the Aalto Network for the link to work ***<\/p>\n<\/div>\n\n\n\n<div class=\"wp-block-column is-layout-flow wp-block-column-is-layout-flow\" style=\"flex-basis:61.8%\">\n<p class=\"is-style-default\">Aalto University activities that generate visual material are digitized and stored with the university archive and the Raami picture database. The material is owned by Aalto University Learning Center or is a part of Aalto Archives. The database contains material related to the university, studies and student life, research material such as photos, drawings, paintings and sculptures. <\/p>\n\n\n\n<p class=\"is-style-default\" style=\"font-size:13px\">Aalto-yliopiston toiminnasta syntynytt\u00e4 kuva-aineistoa digitoidaan ja tallennetaan yliopiston arkiston ja Oppimiskeskuksen yhteisty\u00f6n\u00e4 Raami-kuvatietokantaan niiden pitk\u00e4aikaiss\u00e4ilytyst\u00e4, ja niihin kohdistuvaa tutkimusta ja tietopalvelua varten. Aineistot kuuluvat Aalto-yliopiston Oppimiskeskuksen tai arkiston kokoelmiin sis\u00e4lt\u00e4en yliopiston ja sen edelt\u00e4jien toimintaan, tiloihin sek\u00e4 opiskeluun ja tutkimukseen liittyvi\u00e4 digitoituja ja syntys\u00e4hk\u00f6isi\u00e4 kuva-aineistoja, kuten dokumentoivia valokuvia, piirustuksia, maalauksia ja esinekuvia.<\/p>\n\n\n\n<div class=\"wp-block-buttons is-style-large is-layout-flex wp-block-buttons-is-layout-flex\">\n<div class=\"wp-block-button\"><a class=\"wp-block-button__link\" href=\"https:\/\/raami.aalto.fi\/kuvatietokanta\/search.html?mainRoleUser=ROLE_USER&amp;mainRoleGuest=ROLE_GUEST&amp;mainRoleArchive=ROLE_ARCHIVE&amp;currentUser=anonymous&amp;mainRolePublisher=ROLE_PUBLISHER&amp;mainRolePublic=ROLE_PUBLIC&amp;uriPrefix=http%3A%2F%2Fwww.taik.com%2Fkuvatietokanta%2F&amp;mainRoleAdmin=ROLE_ADMIN&amp;serverRoot=https%3A%2F%2Fraami.aalto.fi%2Fkuvatietokanta%2F\">aalto university picture database called raami<\/a><\/div>\n<\/div>\n<\/div>\n<\/div>\n<\/div>\n\n<div class=\"alignwide-wrap\" data-block=\"separator\">\n<hr class=\"wp-block-separator has-css-opacity alignwide\"\/>\n<\/div>\n\n<div class=\"alignwide-wrap\" data-block=\"columns\">\n<div class=\"wp-block-columns alignwide is-layout-flex wp-container-core-columns-is-layout-9d6595d7 wp-block-columns-is-layout-flex\">\n<div class=\"wp-block-column is-layout-flow wp-block-column-is-layout-flow\" style=\"flex-basis:38.2%\">\n<h2 class=\"wp-block-heading\">Kylikki Salmenhaara ceramics archive on Raami.fi<\/h2>\n\n\n\n<p class=\"is-style-default has-palette-1-color has-text-color\">*** You may need to be in the Aalto Network for the link to work ***<\/p>\n<\/div>\n\n\n\n<div class=\"wp-block-column is-layout-flow wp-block-column-is-layout-flow\" style=\"flex-basis:61.8%\">\n<p class=\"is-style-default\"><strong>Kerttu Kyllikki Salmenhaara<\/strong> (14.7.1915-13.7.1981) was one of the most significant ceramics artists of her time. She worked, among others places, for Arabia glass &amp; ceramics factory as an artist. More information in the <a href=\"https:\/\/fi.wikipedia.org\/wiki\/Kyllikki_Salmenhaara\">Finnish Wikipedia article.<\/a><\/p>\n\n\n\n<p class=\"is-style-default\">Kerttu Kyllikki Salmenhaara&nbsp; (14. hein\u00e4kuuta 1915 Tyrn\u00e4v\u00e4 \u2013 13. hein\u00e4kuuta 1981 Helsinki) oli suomalainen keramiikkataiteilija. H\u00e4n toimi muun muassa Arabian tehtaan taiteilijana. H\u00e4n oli aikansa merkitt\u00e4vimpi\u00e4 keramiikkataiteilijoita.[1]- <a href=\"https:\/\/fi.wikipedia.org\/wiki\/Kyllikki_Salmenhaara\">Wikipedia<\/a><\/p>\n\n\n\n<div class=\"wp-block-buttons is-style-large is-layout-flex wp-block-buttons-is-layout-flex\">\n<div class=\"wp-block-button\"><a class=\"wp-block-button__link\" href=\"https:\/\/raami.aalto.fi\/kuvatietokanta\/displayCollection.html?uri=http:\/\/www.profium.com\/taikdigitalcollection\/4EB36D2F-8EAB-5D99-42A8-D54EB0A0F6B4&amp;page=1\">kyllikki salmenharra database on raami<\/a><\/div>\n<\/div>\n\n\n\n<figure class=\"wp-block-image size-large\"><a href=\"https:\/\/commons.wikimedia.org\/wiki\/File:Kyllikki-Salmenhaara-1960.jpg\"><img loading=\"lazy\" decoding=\"async\" width=\"1528\" height=\"2160\" src=\"https:\/\/studios.aalto.fi\/photorobot\/wp-content\/uploads\/2021\/05\/Kyllikki-Salmenhaara-1960-1528x2160.jpg\" alt=\"photo of Kyllikki\" class=\"wp-image-199\" srcset=\"https:\/\/studios.aalto.fi\/photorobot\/wp-content\/uploads\/2021\/05\/Kyllikki-Salmenhaara-1960-1528x2160.jpg 1528w, https:\/\/studios.aalto.fi\/photorobot\/wp-content\/uploads\/2021\/05\/Kyllikki-Salmenhaara-1960-362x512.jpg 362w, https:\/\/studios.aalto.fi\/photorobot\/wp-content\/uploads\/2021\/05\/Kyllikki-Salmenhaara-1960-768x1086.jpg 768w, https:\/\/studios.aalto.fi\/photorobot\/wp-content\/uploads\/2021\/05\/Kyllikki-Salmenhaara-1960-1087x1536.jpg 1087w, https:\/\/studios.aalto.fi\/photorobot\/wp-content\/uploads\/2021\/05\/Kyllikki-Salmenhaara-1960-1449x2048.jpg 1449w, https:\/\/studios.aalto.fi\/photorobot\/wp-content\/uploads\/2021\/05\/Kyllikki-Salmenhaara-1960.jpg 1567w\" sizes=\"auto, (max-width: 1528px) 100vw, 1528px\" \/><\/a><figcaption>Photograph of the Finnish potter Kyllikki Salmenhaara (1915\u20131981), circa 1960. &#8211;<a href=\"https:\/\/commons.wikimedia.org\/wiki\/File:Kyllikki-Salmenhaara-1960.jpg\">Wikipedia<\/a><\/figcaption><\/figure>\n<\/div>\n<\/div>\n<\/div>\n\n<div class=\"alignwide-wrap\" data-block=\"columns\">\n<div class=\"wp-block-columns alignwide is-layout-flex wp-container-core-columns-is-layout-9d6595d7 wp-block-columns-is-layout-flex\">\n<div class=\"wp-block-column is-layout-flow wp-block-column-is-layout-flow\" style=\"flex-basis:38.2%\">\n<hr class=\"wp-block-separator has-alpha-channel-opacity\"\/>\n\n\n\n<h2 class=\"wp-block-heading\">Other Photogrammetry Galleries from Aalto<\/h2>\n<\/div>\n\n\n\n<div class=\"wp-block-column is-layout-flow wp-block-column-is-layout-flow\" style=\"flex-basis:61.8%\"><div class=\"alignwide-wrap\" data-block=\"separator\">\n<hr class=\"wp-block-separator has-css-opacity alignwide\"\/>\n<\/div>\n\n\n<p>If you&#8217;d like to see more models made with the same technique check out the <a href=\"https:\/\/studios.aalto.fi\/photorobot\/wp-admin\/post.php?post=27&amp;action=edit#edurock\">Edurock<\/a> Virtual Rock Collection, which is turning Aalto University\u2019s physical rock and mineral sample collection into a digital online learning asset made by Civil Engineering Department in Aalto University.:<\/p>\n\n\n\n<div class=\"wp-block-buttons is-style-large is-layout-flex wp-block-buttons-is-layout-flex\">\n<div class=\"wp-block-button is-style-fill\"><a class=\"wp-block-button__link\" href=\"https:\/\/sketchfab.com\/EDUROCK_AALTO\/models\" target=\"_blank\" rel=\"noreferrer noopener\">aalto edurock collection on sketchfab<\/a><\/div>\n<\/div>\n\n\n\n<figure class=\"wp-block-image size-large\"><a href=\"https:\/\/sketchfab.com\/EDUROCK_AALTO\/models\"><img loading=\"lazy\" decoding=\"async\" width=\"681\" height=\"693\" src=\"https:\/\/studios.aalto.fi\/photorobot\/wp-content\/uploads\/2021\/06\/2021-06-02-16_11_12-3D-models-by-EDUROCK-\u2013-EDUCATIONAL-VIRTUAL-ROCK-COLLECTION-@EDUROCK_AALTO-Sk.jpg\" alt=\"\" class=\"wp-image-313\" srcset=\"https:\/\/studios.aalto.fi\/photorobot\/wp-content\/uploads\/2021\/06\/2021-06-02-16_11_12-3D-models-by-EDUROCK-\u2013-EDUCATIONAL-VIRTUAL-ROCK-COLLECTION-@EDUROCK_AALTO-Sk.jpg 681w, https:\/\/studios.aalto.fi\/photorobot\/wp-content\/uploads\/2021\/06\/2021-06-02-16_11_12-3D-models-by-EDUROCK-\u2013-EDUCATIONAL-VIRTUAL-ROCK-COLLECTION-@EDUROCK_AALTO-Sk-503x512.jpg 503w\" sizes=\"auto, (max-width: 681px) 100vw, 681px\" \/><\/a><\/figure>\n<\/div>\n<\/div>\n<\/div>\n\n\n<div class=\"wp-block-buttons is-style-default is-vertical is-layout-flex wp-container-core-buttons-is-layout-8cf370e7 wp-block-buttons-is-layout-flex\"><\/div>\n\n\n\n<div class=\"wp-block-buttons is-layout-flex wp-block-buttons-is-layout-flex\"><\/div>\n\n\n<div class=\"alignwide-wrap\" data-block=\"separator\">\n<hr class=\"wp-block-separator has-css-opacity alignwide\"\/>\n<\/div>","protected":false},"excerpt":{"rendered":"<div class=\"entry-summary\">\nLearn more about Aalto Archives via the official web page. Aalto Archives 3D models on Sketchfab The ceramics collection is being digitized into 360 degree spins and 3D models through a process&hellip;\n<\/div>\n<div class=\"link-more-container\"><a href=\"https:\/\/studios.aalto.fi\/photorobot\/ceramics-archive\/\" class=\"link-more\" aria-label=\"Continue reading Archives\">Continue reading&hellip;<\/a><\/div>\n","protected":false},"author":2,"featured_media":0,"parent":0,"menu_order":3,"comment_status":"closed","ping_status":"closed","template":"","meta":{"episode_type":"","audio_file":"","podmotor_file_id":"","podmotor_episode_id":"","cover_image":"","cover_image_id":"","duration":"","filesize":"","filesize_raw":"","date_recorded":"","explicit":"","block":"","itunes_episode_number":"","itunes_title":"","itunes_season_number":"","itunes_episode_type":"","footnotes":""},"class_list":["post-27","page","type-page","status-publish","hentry","entry","entry-type-page"],"_links":{"self":[{"href":"https:\/\/studios.aalto.fi\/photorobot\/wp-json\/wp\/v2\/pages\/27","targetHints":{"allow":["GET"]}}],"collection":[{"href":"https:\/\/studios.aalto.fi\/photorobot\/wp-json\/wp\/v2\/pages"}],"about":[{"href":"https:\/\/studios.aalto.fi\/photorobot\/wp-json\/wp\/v2\/types\/page"}],"author":[{"embeddable":true,"href":"https:\/\/studios.aalto.fi\/photorobot\/wp-json\/wp\/v2\/users\/2"}],"replies":[{"embeddable":true,"href":"https:\/\/studios.aalto.fi\/photorobot\/wp-json\/wp\/v2\/comments?post=27"}],"version-history":[{"count":23,"href":"https:\/\/studios.aalto.fi\/photorobot\/wp-json\/wp\/v2\/pages\/27\/revisions"}],"predecessor-version":[{"id":897,"href":"https:\/\/studios.aalto.fi\/photorobot\/wp-json\/wp\/v2\/pages\/27\/revisions\/897"}],"wp:attachment":[{"href":"https:\/\/studios.aalto.fi\/photorobot\/wp-json\/wp\/v2\/media?parent=27"}],"curies":[{"name":"wp","href":"https:\/\/api.w.org\/{rel}","templated":true}]}}