{"id":11801,"date":"2024-04-25T15:44:06","date_gmt":"2024-04-25T12:44:06","guid":{"rendered":"https:\/\/studios.aalto.fi\/?page_id=11801"},"modified":"2024-06-20T11:28:02","modified_gmt":"2024-06-20T08:28:02","slug":"search","status":"publish","type":"page","link":"https:\/\/studios.aalto.fi\/sv\/search\/","title":{"rendered":"Search"},"content":{"rendered":"<form role=\"search\" method=\"get\" action=\"https:\/\/studios.aalto.fi\/sv\/\" class=\"wp-block-search__button-inside wp-block-search__text-button aalto-studios-search-page-inputs wp-block-search\"    ><label class=\"wp-block-search__label screen-reader-text\" for=\"wp-block-search__input-1\" >Search<\/label><div class=\"wp-block-search__inside-wrapper \"  style=\"border-width: 0px;border-style: none;border-radius: calc(8px + 4px)\"><input class=\"wp-block-search__input\" id=\"wp-block-search__input-1\" placeholder=\"Type to search\u2026\" value=\"\" type=\"search\" name=\"s\" required  style=\"border-radius: 8px\"\/><button aria-label=\"Search\" class=\"wp-block-search__button wp-element-button\" type=\"submit\"  style=\"border-radius: 8px\">Search<\/button><\/div><\/form>\n\n\n<div style=\"height:88px\" aria-hidden=\"true\" class=\"wp-block-spacer\"><\/div>\n\n\n\n<h2 class=\"wp-block-heading\"><span class=\"ez-toc-section\" id=\"Recently_edited_content\"><\/span>Recently edited content<span class=\"ez-toc-section-end\"><\/span><\/h2>\n\n\n\n<div data-wp-context=\"{}\" data-wp-interactive=\"core\/query\" data-wp-key=\"15\" data-wp-router-region=\"query-15\" class=\"wp-block-query alignwide aalto-studios-main-product-listing is-layout-flow wp-block-query-is-layout-flow\">\n<div class=\"wp-block-group is-layout-flow wp-block-group-is-layout-flow\" style=\"margin-top:0;margin-bottom:0;padding-top:var(--wp--preset--spacing--10);padding-right:0;padding-bottom:var(--wp--preset--spacing--10);padding-left:0\"><ul class=\"columns-4 alignfull wp-block-post-template is-layout-grid wp-container-core-post-template-is-layout-e9f63eb8 wp-block-post-template-is-layout-grid\"><li data-wp-key=\"post-template-item-16857\" class=\"wp-block-post post-16857 post type-post status-publish format-standard has-post-thumbnail hentry category-aalto-digital-creatives category-arts category-events-and-partnerships category-news\">\n<figure style=\"aspect-ratio:16\/9; padding-bottom:0;margin-bottom:0;\" class=\"wp-block-post-featured-image\"><a href=\"https:\/\/studios.aalto.fi\/sv\/call-for-applications-aalto-creatives-pre-incubator-programme-spring-2026\/\" target=\"_self\"  ><img loading=\"lazy\" decoding=\"async\" width=\"1920\" height=\"1080\" src=\"https:\/\/studios.aalto.fi\/wp-content\/uploads\/2026\/01\/AC_25-26_1920x1080.png\" class=\"attachment-post-thumbnail size-post-thumbnail wp-post-image\" alt=\"Call for Applications: Aalto Creatives Pre-incubator Programme Spring 2026\" style=\"border-radius:8px;width:100%;height:100%;object-fit:cover;\" srcset=\"https:\/\/studios.aalto.fi\/wp-content\/uploads\/2026\/01\/AC_25-26_1920x1080.png 1920w, https:\/\/studios.aalto.fi\/wp-content\/uploads\/2026\/01\/AC_25-26_1920x1080-512x288.png 512w, https:\/\/studios.aalto.fi\/wp-content\/uploads\/2026\/01\/AC_25-26_1920x1080-768x432.png 768w, https:\/\/studios.aalto.fi\/wp-content\/uploads\/2026\/01\/AC_25-26_1920x1080-1536x864.png 1536w\" sizes=\"auto, (max-width: 1920px) 100vw, 1920px\" \/><\/a><\/figure>\n\n\n<div class=\"wp-block-group is-vertical is-nowrap is-layout-flex wp-container-core-group-is-layout-667aea89 wp-block-group-is-layout-flex\" style=\"margin-top:0;padding-top:0\"><h4 style=\"font-style:normal;font-weight:500; padding-top:0;padding-bottom:0;margin-top:0;margin-bottom:0;\" class=\"has-text-align-left listing-description wp-block-post-title has-medium-font-size wp-container-content-32e3a40d\"><span class=\"ez-toc-section\" id=\"Call_for_Applications_Aalto_Creatives_Pre-incubator_Programme_Spring_2026\"><\/span><a href=\"https:\/\/studios.aalto.fi\/sv\/call-for-applications-aalto-creatives-pre-incubator-programme-spring-2026\/\" target=\"_self\" >Call for Applications: Aalto Creatives Pre-incubator Programme Spring 2026<\/a><span class=\"ez-toc-section-end\"><\/span><\/h4>\n\n<div style=\"padding-top:0;padding-bottom:0;margin-top:0;margin-bottom:0;\" class=\"wp-block-post-excerpt has-small-font-size\"><p class=\"wp-block-post-excerpt__excerpt\">Next pre-incubator programme starts in March. Call for applications closes on 9.2.2026. Are you the next creative industry founder? Apply to&hellip; <\/p><\/div><\/div>\n\n<\/li><li data-wp-key=\"post-template-item-16738\" class=\"wp-block-post post-16738 afmc_person type-afmc_person status-publish has-post-thumbnail hentry\">\n<figure style=\"aspect-ratio:16\/9; padding-bottom:0;margin-bottom:0;\" class=\"wp-block-post-featured-image\"><a href=\"https:\/\/studios.aalto.fi\/sv\/people\/pekka-kemppi\/\" target=\"_self\"  ><img loading=\"lazy\" decoding=\"async\" width=\"2560\" height=\"2560\" src=\"https:\/\/studios.aalto.fi\/wp-content\/uploads\/2025\/12\/LSS_3595-scaled.jpg\" class=\"attachment-post-thumbnail size-post-thumbnail wp-post-image\" alt=\"Pekka Kemppi\" style=\"border-radius:8px;width:100%;height:100%;object-fit:cover;\" srcset=\"https:\/\/studios.aalto.fi\/wp-content\/uploads\/2025\/12\/LSS_3595-scaled.jpg 2560w, https:\/\/studios.aalto.fi\/wp-content\/uploads\/2025\/12\/LSS_3595-512x512.jpg 512w, https:\/\/studios.aalto.fi\/wp-content\/uploads\/2025\/12\/LSS_3595-2048x2048.jpg 2048w, https:\/\/studios.aalto.fi\/wp-content\/uploads\/2025\/12\/LSS_3595-256x256.jpg 256w, https:\/\/studios.aalto.fi\/wp-content\/uploads\/2025\/12\/LSS_3595-768x768.jpg 768w, https:\/\/studios.aalto.fi\/wp-content\/uploads\/2025\/12\/LSS_3595-1536x1536.jpg 1536w\" sizes=\"auto, (max-width: 2560px) 100vw, 2560px\" \/><\/a><\/figure>\n\n\n<div class=\"wp-block-group is-vertical is-nowrap is-layout-flex wp-container-core-group-is-layout-667aea89 wp-block-group-is-layout-flex\" style=\"margin-top:0;padding-top:0\"><h4 style=\"font-style:normal;font-weight:500; padding-top:0;padding-bottom:0;margin-top:0;margin-bottom:0;\" class=\"has-text-align-left listing-description wp-block-post-title has-medium-font-size wp-container-content-32e3a40d\"><span class=\"ez-toc-section\" id=\"Pekka_Kemppi\"><\/span><a href=\"https:\/\/studios.aalto.fi\/sv\/people\/pekka-kemppi\/\" target=\"_self\" >Pekka Kemppi<\/a><span class=\"ez-toc-section-end\"><\/span><\/h4>\n\n<div style=\"padding-top:0;padding-bottom:0;margin-top:0;margin-bottom:0;\" class=\"wp-block-post-excerpt has-small-font-size\"><p class=\"wp-block-post-excerpt__excerpt\">Pekka is an AV network specialist with extensive experience in telecommunications and broadcast technologies. He joined the Aalto Studios AV Tech&hellip; <\/p><\/div><\/div>\n\n<\/li><li data-wp-key=\"post-template-item-16462\" class=\"wp-block-post post-16462 afmc_person type-afmc_person status-publish has-post-thumbnail hentry\">\n<figure style=\"aspect-ratio:16\/9; padding-bottom:0;margin-bottom:0;\" class=\"wp-block-post-featured-image\"><a href=\"https:\/\/studios.aalto.fi\/sv\/people\/emiliano-espinosa\/\" target=\"_self\"  ><img loading=\"lazy\" decoding=\"async\" width=\"2560\" height=\"2560\" src=\"https:\/\/studios.aalto.fi\/wp-content\/uploads\/2025\/10\/Emiliano1-scaled.jpg\" class=\"attachment-post-thumbnail size-post-thumbnail wp-post-image\" alt=\"Emiliano Espinosa\" style=\"border-radius:8px;width:100%;height:100%;object-fit:cover;\" srcset=\"https:\/\/studios.aalto.fi\/wp-content\/uploads\/2025\/10\/Emiliano1-scaled.jpg 2560w, https:\/\/studios.aalto.fi\/wp-content\/uploads\/2025\/10\/Emiliano1-512x512.jpg 512w, https:\/\/studios.aalto.fi\/wp-content\/uploads\/2025\/10\/Emiliano1-2048x2048.jpg 2048w, https:\/\/studios.aalto.fi\/wp-content\/uploads\/2025\/10\/Emiliano1-256x256.jpg 256w, https:\/\/studios.aalto.fi\/wp-content\/uploads\/2025\/10\/Emiliano1-768x768.jpg 768w, https:\/\/studios.aalto.fi\/wp-content\/uploads\/2025\/10\/Emiliano1-1536x1536.jpg 1536w\" sizes=\"auto, (max-width: 2560px) 100vw, 2560px\" \/><\/a><\/figure>\n\n\n<div class=\"wp-block-group is-vertical is-nowrap is-layout-flex wp-container-core-group-is-layout-667aea89 wp-block-group-is-layout-flex\" style=\"margin-top:0;padding-top:0\"><h4 style=\"font-style:normal;font-weight:500; padding-top:0;padding-bottom:0;margin-top:0;margin-bottom:0;\" class=\"has-text-align-left listing-description wp-block-post-title has-medium-font-size wp-container-content-32e3a40d\"><span class=\"ez-toc-section\" id=\"Emiliano_Espinosa\"><\/span><a href=\"https:\/\/studios.aalto.fi\/sv\/people\/emiliano-espinosa\/\" target=\"_self\" >Emiliano Espinosa<\/a><span class=\"ez-toc-section-end\"><\/span><\/h4>\n\n<div style=\"padding-top:0;padding-bottom:0;margin-top:0;margin-bottom:0;\" class=\"wp-block-post-excerpt has-small-font-size\"><p class=\"wp-block-post-excerpt__excerpt\">At our Equipment Takeout office, Emiliano keeps track of resources as they flow in and out the door. <\/p><\/div><\/div>\n\n<\/li><li data-wp-key=\"post-template-item-16460\" class=\"wp-block-post post-16460 afmc_person type-afmc_person status-publish has-post-thumbnail hentry\">\n<figure style=\"aspect-ratio:16\/9; padding-bottom:0;margin-bottom:0;\" class=\"wp-block-post-featured-image\"><a href=\"https:\/\/studios.aalto.fi\/sv\/people\/juho-salakka\/\" target=\"_self\"  ><img loading=\"lazy\" decoding=\"async\" width=\"2560\" height=\"2560\" src=\"https:\/\/studios.aalto.fi\/wp-content\/uploads\/2025\/10\/Juho1-scaled.jpg\" class=\"attachment-post-thumbnail size-post-thumbnail wp-post-image\" alt=\"Juho Salakka\" style=\"border-radius:8px;width:100%;height:100%;object-fit:cover;\" srcset=\"https:\/\/studios.aalto.fi\/wp-content\/uploads\/2025\/10\/Juho1-scaled.jpg 2560w, https:\/\/studios.aalto.fi\/wp-content\/uploads\/2025\/10\/Juho1-512x512.jpg 512w, https:\/\/studios.aalto.fi\/wp-content\/uploads\/2025\/10\/Juho1-2048x2048.jpg 2048w, https:\/\/studios.aalto.fi\/wp-content\/uploads\/2025\/10\/Juho1-256x256.jpg 256w, https:\/\/studios.aalto.fi\/wp-content\/uploads\/2025\/10\/Juho1-768x768.jpg 768w, https:\/\/studios.aalto.fi\/wp-content\/uploads\/2025\/10\/Juho1-1536x1536.jpg 1536w\" sizes=\"auto, (max-width: 2560px) 100vw, 2560px\" \/><\/a><\/figure>\n\n\n<div class=\"wp-block-group is-vertical is-nowrap is-layout-flex wp-container-core-group-is-layout-667aea89 wp-block-group-is-layout-flex\" style=\"margin-top:0;padding-top:0\"><h4 style=\"font-style:normal;font-weight:500; padding-top:0;padding-bottom:0;margin-top:0;margin-bottom:0;\" class=\"has-text-align-left listing-description wp-block-post-title has-medium-font-size wp-container-content-32e3a40d\"><span class=\"ez-toc-section\" id=\"Juho_Salakka\"><\/span><a href=\"https:\/\/studios.aalto.fi\/sv\/people\/juho-salakka\/\" target=\"_self\" >Juho Salakka<\/a><span class=\"ez-toc-section-end\"><\/span><\/h4>\n\n<div style=\"padding-top:0;padding-bottom:0;margin-top:0;margin-bottom:0;\" class=\"wp-block-post-excerpt has-small-font-size\"><p class=\"wp-block-post-excerpt__excerpt\">At our Equipment Takeout office, Juho keeps track of resources as they flow in and out the door. <\/p><\/div><\/div>\n\n<\/li><li data-wp-key=\"post-template-item-16444\" class=\"wp-block-post post-16444 afmc_person type-afmc_person status-publish has-post-thumbnail hentry\">\n<figure style=\"aspect-ratio:16\/9; padding-bottom:0;margin-bottom:0;\" class=\"wp-block-post-featured-image\"><a href=\"https:\/\/studios.aalto.fi\/sv\/people\/lauri-heikkinen\/\" target=\"_self\"  ><img loading=\"lazy\" decoding=\"async\" width=\"2560\" height=\"2560\" src=\"https:\/\/studios.aalto.fi\/wp-content\/uploads\/2025\/10\/Lauri1-scaled.jpg\" class=\"attachment-post-thumbnail size-post-thumbnail wp-post-image\" alt=\"Lauri Heikkinen\" style=\"border-radius:8px;width:100%;height:100%;object-fit:cover;\" srcset=\"https:\/\/studios.aalto.fi\/wp-content\/uploads\/2025\/10\/Lauri1-scaled.jpg 2560w, https:\/\/studios.aalto.fi\/wp-content\/uploads\/2025\/10\/Lauri1-512x512.jpg 512w, https:\/\/studios.aalto.fi\/wp-content\/uploads\/2025\/10\/Lauri1-2048x2048.jpg 2048w, https:\/\/studios.aalto.fi\/wp-content\/uploads\/2025\/10\/Lauri1-256x256.jpg 256w, https:\/\/studios.aalto.fi\/wp-content\/uploads\/2025\/10\/Lauri1-768x768.jpg 768w, https:\/\/studios.aalto.fi\/wp-content\/uploads\/2025\/10\/Lauri1-1536x1536.jpg 1536w\" sizes=\"auto, (max-width: 2560px) 100vw, 2560px\" \/><\/a><\/figure>\n\n\n<div class=\"wp-block-group is-vertical is-nowrap is-layout-flex wp-container-core-group-is-layout-667aea89 wp-block-group-is-layout-flex\" style=\"margin-top:0;padding-top:0\"><h4 style=\"font-style:normal;font-weight:500; padding-top:0;padding-bottom:0;margin-top:0;margin-bottom:0;\" class=\"has-text-align-left listing-description wp-block-post-title has-medium-font-size wp-container-content-32e3a40d\"><span class=\"ez-toc-section\" id=\"Lauri_Heikkinen\"><\/span><a href=\"https:\/\/studios.aalto.fi\/sv\/people\/lauri-heikkinen\/\" target=\"_self\" >Lauri Heikkinen<\/a><span class=\"ez-toc-section-end\"><\/span><\/h4>\n\n<div style=\"padding-top:0;padding-bottom:0;margin-top:0;margin-bottom:0;\" class=\"wp-block-post-excerpt has-small-font-size\"><p class=\"wp-block-post-excerpt__excerpt\">AV Assistant in the AV Production Team. <\/p><\/div><\/div>\n\n<\/li><li data-wp-key=\"post-template-item-16305\" class=\"wp-block-post post-16305 post type-post status-publish format-standard has-post-thumbnail hentry category-equipment-takeout category-self-service category-web-studio tag-takeoutupdate-2\">\n<figure style=\"aspect-ratio:16\/9; padding-bottom:0;margin-bottom:0;\" class=\"wp-block-post-featured-image\"><a href=\"https:\/\/studios.aalto.fi\/sv\/takeout-2-4-update\/\" target=\"_self\"  ><img loading=\"lazy\" decoding=\"async\" width=\"3840\" height=\"2016\" src=\"https:\/\/studios.aalto.fi\/wp-content\/uploads\/2025\/01\/Takeout-Social_xSR_3840.png\" class=\"attachment-post-thumbnail size-post-thumbnail wp-post-image\" alt=\"Takeout 2.4 update\" style=\"border-radius:8px;width:100%;height:100%;object-fit:cover;\" srcset=\"https:\/\/studios.aalto.fi\/wp-content\/uploads\/2025\/01\/Takeout-Social_xSR_3840.png 3840w, https:\/\/studios.aalto.fi\/wp-content\/uploads\/2025\/01\/Takeout-Social_xSR_3840-512x269.png 512w, https:\/\/studios.aalto.fi\/wp-content\/uploads\/2025\/01\/Takeout-Social_xSR_3840-2048x1075.png 2048w, https:\/\/studios.aalto.fi\/wp-content\/uploads\/2025\/01\/Takeout-Social_xSR_3840-768x403.png 768w, https:\/\/studios.aalto.fi\/wp-content\/uploads\/2025\/01\/Takeout-Social_xSR_3840-1536x806.png 1536w\" sizes=\"auto, (max-width: 3840px) 100vw, 3840px\" \/><\/a><\/figure>\n\n\n<div class=\"wp-block-group is-vertical is-nowrap is-layout-flex wp-container-core-group-is-layout-667aea89 wp-block-group-is-layout-flex\" style=\"margin-top:0;padding-top:0\"><h4 style=\"font-style:normal;font-weight:500; padding-top:0;padding-bottom:0;margin-top:0;margin-bottom:0;\" class=\"has-text-align-left listing-description wp-block-post-title has-medium-font-size wp-container-content-32e3a40d\"><span class=\"ez-toc-section\" id=\"Takeout_24_update\"><\/span><a href=\"https:\/\/studios.aalto.fi\/sv\/takeout-2-4-update\/\" target=\"_self\" >Takeout 2.4 update<\/a><span class=\"ez-toc-section-end\"><\/span><\/h4>\n\n<div style=\"padding-top:0;padding-bottom:0;margin-top:0;margin-bottom:0;\" class=\"wp-block-post-excerpt has-small-font-size\"><p class=\"wp-block-post-excerpt__excerpt\">This August 25th 2025 release brings multiple permit support, letting offices assign different ways for people to access an item. We\u2019re&hellip; <\/p><\/div><\/div>\n\n<\/li><li data-wp-key=\"post-template-item-16287\" class=\"wp-block-post post-16287 post type-post status-publish format-standard has-post-thumbnail hentry category-aalto-digital-creatives category-arts category-events-and-partnerships category-news\">\n<figure style=\"aspect-ratio:16\/9; padding-bottom:0;margin-bottom:0;\" class=\"wp-block-post-featured-image\"><a href=\"https:\/\/studios.aalto.fi\/sv\/art-tech-open-call-25-apply-before-22nd-of-august\/\" target=\"_self\"  ><img loading=\"lazy\" decoding=\"async\" width=\"2000\" height=\"1333\" src=\"https:\/\/studios.aalto.fi\/wp-content\/uploads\/2025\/08\/ADC_080422_Kalle_Kataila_websize-1437.jpg\" class=\"attachment-post-thumbnail size-post-thumbnail wp-post-image\" alt=\"Art &amp; Tech Open Call &#8217;25 \u2013 apply before 22nd of August\" style=\"border-radius:8px;width:100%;height:100%;object-fit:cover;\" srcset=\"https:\/\/studios.aalto.fi\/wp-content\/uploads\/2025\/08\/ADC_080422_Kalle_Kataila_websize-1437.jpg 2000w, https:\/\/studios.aalto.fi\/wp-content\/uploads\/2025\/08\/ADC_080422_Kalle_Kataila_websize-1437-512x341.jpg 512w, https:\/\/studios.aalto.fi\/wp-content\/uploads\/2025\/08\/ADC_080422_Kalle_Kataila_websize-1437-768x512.jpg 768w, https:\/\/studios.aalto.fi\/wp-content\/uploads\/2025\/08\/ADC_080422_Kalle_Kataila_websize-1437-1536x1024.jpg 1536w\" sizes=\"auto, (max-width: 2000px) 100vw, 2000px\" \/><\/a><\/figure>\n\n\n<div class=\"wp-block-group is-vertical is-nowrap is-layout-flex wp-container-core-group-is-layout-667aea89 wp-block-group-is-layout-flex\" style=\"margin-top:0;padding-top:0\"><h4 style=\"font-style:normal;font-weight:500; padding-top:0;padding-bottom:0;margin-top:0;margin-bottom:0;\" class=\"has-text-align-left listing-description wp-block-post-title has-medium-font-size wp-container-content-32e3a40d\"><span class=\"ez-toc-section\" id=\"Art_Tech_Open_Call_25_%E2%80%93_apply_before_22nd_of_August\"><\/span><a href=\"https:\/\/studios.aalto.fi\/sv\/art-tech-open-call-25-apply-before-22nd-of-august\/\" target=\"_self\" >Art &amp; Tech Open Call &#8217;25 \u2013 apply before 22nd of August<\/a><span class=\"ez-toc-section-end\"><\/span><\/h4>\n\n<div style=\"padding-top:0;padding-bottom:0;margin-top:0;margin-bottom:0;\" class=\"wp-block-post-excerpt has-small-font-size\"><p class=\"wp-block-post-excerpt__excerpt\">The Art &amp; Tech development grant aims to advance the creative industries by leveraging the power of digitalisation, encouraging innovative applications&hellip; <\/p><\/div><\/div>\n\n<\/li><li data-wp-key=\"post-template-item-16272\" class=\"wp-block-post post-16272 post type-post status-publish format-standard has-post-thumbnail hentry category-aalto-digital-creatives category-arts category-events-and-partnerships category-news\">\n<figure style=\"aspect-ratio:16\/9; padding-bottom:0;margin-bottom:0;\" class=\"wp-block-post-featured-image\"><a href=\"https:\/\/studios.aalto.fi\/sv\/call-for-applications-aalto-creatives-pre-incubator-programme-2\/\" target=\"_self\"  ><img loading=\"lazy\" decoding=\"async\" width=\"1920\" height=\"1080\" src=\"https:\/\/studios.aalto.fi\/wp-content\/uploads\/2025\/08\/AC_S25_1920x1080_LOGOS.png\" class=\"attachment-post-thumbnail size-post-thumbnail wp-post-image\" alt=\"Call for applications: Aalto Creatives pre-incubator programme\" style=\"border-radius:8px;width:100%;height:100%;object-fit:cover;\" srcset=\"https:\/\/studios.aalto.fi\/wp-content\/uploads\/2025\/08\/AC_S25_1920x1080_LOGOS.png 1920w, https:\/\/studios.aalto.fi\/wp-content\/uploads\/2025\/08\/AC_S25_1920x1080_LOGOS-512x288.png 512w, https:\/\/studios.aalto.fi\/wp-content\/uploads\/2025\/08\/AC_S25_1920x1080_LOGOS-768x432.png 768w, https:\/\/studios.aalto.fi\/wp-content\/uploads\/2025\/08\/AC_S25_1920x1080_LOGOS-1536x864.png 1536w\" sizes=\"auto, (max-width: 1920px) 100vw, 1920px\" \/><\/a><\/figure>\n\n\n<div class=\"wp-block-group is-vertical is-nowrap is-layout-flex wp-container-core-group-is-layout-667aea89 wp-block-group-is-layout-flex\" style=\"margin-top:0;padding-top:0\"><h4 style=\"font-style:normal;font-weight:500; padding-top:0;padding-bottom:0;margin-top:0;margin-bottom:0;\" class=\"has-text-align-left listing-description wp-block-post-title has-medium-font-size wp-container-content-32e3a40d\"><span class=\"ez-toc-section\" id=\"Call_for_applications_Aalto_Creatives_pre-incubator_programme\"><\/span><a href=\"https:\/\/studios.aalto.fi\/sv\/call-for-applications-aalto-creatives-pre-incubator-programme-2\/\" target=\"_self\" >Call for applications: Aalto Creatives pre-incubator programme<\/a><span class=\"ez-toc-section-end\"><\/span><\/h4>\n\n<div style=\"padding-top:0;padding-bottom:0;margin-top:0;margin-bottom:0;\" class=\"wp-block-post-excerpt has-small-font-size\"><p class=\"wp-block-post-excerpt__excerpt\">Join the Aalto Creatives afterwork and info session on 27.8.2025 to find out more about the open call and meet the&hellip; <\/p><\/div><\/div>\n\n<\/li><\/ul>\n\n\n<div style=\"margin-top:0;margin-bottom:0;height:var(--wp--preset--spacing--10)\" aria-hidden=\"true\" class=\"wp-block-spacer\"><\/div>\n\n\n<nav class=\"wp-block-query-pagination is-content-justification-space-between is-layout-flex wp-container-core-query-pagination-is-layout-b2891da8 wp-block-query-pagination-is-layout-flex\" aria-label=\"Sidonumrering\">\n\n\n<a data-wp-key=\"query-pagination-next\" data-wp-on--click=\"core\/query::actions.navigate\" data-wp-on-async--mouseenter=\"core\/query::actions.prefetch\" data-wp-watch=\"core\/query::callbacks.prefetch\" href=\"\/sv\/wp-json\/wp\/v2\/pages\/11801?query-15-page=2\" class=\"wp-block-query-pagination-next\">N\u00e4sta sida<span class='wp-block-query-pagination-next-arrow is-arrow-arrow' aria-hidden='true'>\u2192<\/span><\/a>\n<\/nav><\/div>\n<\/div>\n\n\n\n<h2 class=\"wp-block-heading\"><span class=\"ez-toc-section\" id=\"Keywords\"><\/span>Keywords<span class=\"ez-toc-section-end\"><\/span><\/h2>\n\n\n<p class=\"wp-block-tag-cloud\">Det finns inget inneh\u00e5ll att visa h\u00e4r \u00e4n.<\/p>","protected":false},"excerpt":{"rendered":"<p>Recently edited content Keywords<\/p>\n","protected":false},"author":1,"featured_media":8774,"parent":0,"menu_order":0,"comment_status":"closed","ping_status":"closed","template":"wp-custom-template-page-with-no-featured-image","meta":{"_acf_changed":false,"footnotes":""},"tags":[],"facilitycategories":[],"productcategories":[],"class_list":["post-11801","page","type-page","status-publish","has-post-thumbnail","hentry"],"acf":[],"mb":[],"mfb_rest_fields":["title"],"_links":{"self":[{"href":"https:\/\/studios.aalto.fi\/sv\/wp-json\/wp\/v2\/pages\/11801","targetHints":{"allow":["GET"]}}],"collection":[{"href":"https:\/\/studios.aalto.fi\/sv\/wp-json\/wp\/v2\/pages"}],"about":[{"href":"https:\/\/studios.aalto.fi\/sv\/wp-json\/wp\/v2\/types\/page"}],"author":[{"embeddable":true,"href":"https:\/\/studios.aalto.fi\/sv\/wp-json\/wp\/v2\/users\/1"}],"replies":[{"embeddable":true,"href":"https:\/\/studios.aalto.fi\/sv\/wp-json\/wp\/v2\/comments?post=11801"}],"version-history":[{"count":11,"href":"https:\/\/studios.aalto.fi\/sv\/wp-json\/wp\/v2\/pages\/11801\/revisions"}],"predecessor-version":[{"id":13108,"href":"https:\/\/studios.aalto.fi\/sv\/wp-json\/wp\/v2\/pages\/11801\/revisions\/13108"}],"wp:featuredmedia":[{"embeddable":true,"href":"https:\/\/studios.aalto.fi\/sv\/wp-json\/wp\/v2\/media\/8774"}],"wp:attachment":[{"href":"https:\/\/studios.aalto.fi\/sv\/wp-json\/wp\/v2\/media?parent=11801"}],"wp:term":[{"taxonomy":"post_tag","embeddable":true,"href":"https:\/\/studios.aalto.fi\/sv\/wp-json\/wp\/v2\/tags?post=11801"},{"taxonomy":"facilitycategories","embeddable":true,"href":"https:\/\/studios.aalto.fi\/sv\/wp-json\/wp\/v2\/facilitycategories?post=11801"},{"taxonomy":"productcategories","embeddable":true,"href":"https:\/\/studios.aalto.fi\/sv\/wp-json\/wp\/v2\/productcategories?post=11801"}],"curies":[{"name":"wp","href":"https:\/\/api.w.org\/{rel}","templated":true}]}}